{"id":780,"date":"2025-09-15T19:07:54","date_gmt":"2025-09-15T17:07:54","guid":{"rendered":"https:\/\/www.albatross-consulting.com\/legal\/"},"modified":"2025-09-22T16:09:01","modified_gmt":"2025-09-22T14:09:01","slug":"legal","status":"publish","type":"page","link":"https:\/\/www.albatross-consulting.com\/en\/legal\/","title":{"rendered":"Legal"},"content":{"rendered":"\t\t<div data-elementor-type=\"wp-page\" data-elementor-id=\"780\" class=\"elementor elementor-780 elementor-112\" data-elementor-post-type=\"page\">\n\t\t\t\t<div class=\"elementor-element elementor-element-fba4de3 e-con-full e-flex e-con e-parent\" data-id=\"fba4de3\" data-element_type=\"container\" data-settings=\"{&quot;background_background&quot;:&quot;classic&quot;,&quot;jet_parallax_layout_list&quot;:[]}\">\n\t\t<div class=\"elementor-element elementor-element-2995fbe e-con-full e-flex e-con e-child\" data-id=\"2995fbe\" data-element_type=\"container\" data-settings=\"{&quot;jet_parallax_layout_list&quot;:[]}\">\n\t\t\t\t<div class=\"elementor-element elementor-element-b734a73 elementor-widget elementor-widget-heading\" data-id=\"b734a73\" data-element_type=\"widget\" data-widget_type=\"heading.default\">\n\t\t\t\t\t<h2 class=\"elementor-heading-title elementor-size-default\">Legal<\/h2>\t\t\t\t<\/div>\n\t\t\t\t<\/div>\n\t\t\t\t<\/div>\n\t\t<div class=\"elementor-element elementor-element-2702148 e-flex e-con-boxed e-con e-parent\" data-id=\"2702148\" data-element_type=\"container\" data-settings=\"{&quot;background_background&quot;:&quot;classic&quot;,&quot;jet_parallax_layout_list&quot;:[]}\">\n\t\t\t\t\t<div class=\"e-con-inner\">\n\t\t<div class=\"elementor-element elementor-element-6516e25 e-con-full e-flex e-con e-child\" data-id=\"6516e25\" data-element_type=\"container\" data-settings=\"{&quot;jet_parallax_layout_list&quot;:[]}\">\n\t\t\t\t<div class=\"elementor-element elementor-element-05ee814 elementor-widget elementor-widget-text-editor\" data-id=\"05ee814\" data-element_type=\"widget\" data-widget_type=\"text-editor.default\">\n\t\t\t\t\t\t\t\t\t<p><strong>\u00a9 Albatross Consulting 2017<\/strong><br>All reproduction forbidden without our consent.<\/p><p><strong>Soci\u00e9t\u00e9 \u00e9ditrice du site :<\/strong><br>ALBATROSS CONSULTING<br>1, rue Th\u00e9r\u00e8se 75001 Paris<\/p><p>SARL with capital of \u20ac300,000<br>Registered 484 916 259 R.C.S. PARIS<\/p><p>Manager of the publication: M. Yann Casen<\/p><p><strong>Hosting of the site is ensured by:<\/strong><\/p><p>Omma services<br>Si\u00e8ge social : 36 bd Kennedy 69600 Oullins<br>+33(0)661109467<br>Website: omma-services.com<\/p><p><strong>Cookies :<\/strong><\/p><p>When logging on to the albatross-consulting.com website, users may be informed that a cookie will automatically be installed on their browser software. A cookie is an element which is not used for identification purposes but for recording information about user browsing on the Website. You can set your browser software to inform you of the presence of a cookie and to refuse it if you wish. The method varies from one browser to another: we invite you to view the \u201cHelp\u201d menu of your browser to select your preferences regarding cookies.<br>Our cookies are used exclusively to analyse activity, measure interest, etc., and otherwise to improve the quality of the Internet. This site uses Google Analytics, an Internet site analysis service provided by Google Inc. Google Analytics uses cookies, which are text files placed on your computer, to help the website analyse how users use the site.    <\/p><p>The information generated by the cookie (including your IP address) will be transferred to Google and stored on servers in the United States. Google will use this information in order to evaluate your use of the site to compile site activity reports for its publisher and to provide other services relative to the activity of the site and Internet usage. Google may also provide this information when legally required or to outside parties if they process such information for Google, including the publisher of the site. Google will not associate your IP with any other data held by Google. You may deactivate the use of cookies by selecting the appropriate settings on your browser. However, such deactivation may disable some of the site\u2019s functionality, but it will not affect navigation in the content-based pages. By using this internet site, you expressly consent to Google\u2019s processing your registered information in accordance with the abovementioned terms and conditions and for the abovementioned purpose.        <\/p>\t\t\t\t\t\t\t\t<\/div>\n\t\t\t\t<\/div>\n\t\t\t\t\t<\/div>\n\t\t\t\t<\/div>\n\t\t\t\t<\/div>\n\t\t","protected":false},"excerpt":{"rendered":"<p>Legal \u00a9 Albatross Consulting 2017All reproduction forbidden without our consent. Soci\u00e9t\u00e9 \u00e9ditrice du site :ALBATROSS CONSULTING1, rue Th\u00e9r\u00e8se 75001 Paris SARL with capital of \u20ac300,000Registered 484 916 259 R.C.S. PARIS Manager of the publication: M. Yann Casen Hosting of the site is ensured by: Omma servicesSi\u00e8ge social : 36 bd Kennedy 69600 Oullins+33(0)661109467Website: omma-services.com Cookies [&hellip;]<\/p>\n","protected":false},"author":1,"featured_media":0,"parent":0,"menu_order":0,"comment_status":"closed","ping_status":"closed","template":"","meta":{"footnotes":""},"class_list":["post-780","page","type-page","status-publish","hentry"],"_links":{"self":[{"href":"https:\/\/www.albatross-consulting.com\/en\/wp-json\/wp\/v2\/pages\/780","targetHints":{"allow":["GET"]}}],"collection":[{"href":"https:\/\/www.albatross-consulting.com\/en\/wp-json\/wp\/v2\/pages"}],"about":[{"href":"https:\/\/www.albatross-consulting.com\/en\/wp-json\/wp\/v2\/types\/page"}],"author":[{"embeddable":true,"href":"https:\/\/www.albatross-consulting.com\/en\/wp-json\/wp\/v2\/users\/1"}],"replies":[{"embeddable":true,"href":"https:\/\/www.albatross-consulting.com\/en\/wp-json\/wp\/v2\/comments?post=780"}],"version-history":[{"count":4,"href":"https:\/\/www.albatross-consulting.com\/en\/wp-json\/wp\/v2\/pages\/780\/revisions"}],"predecessor-version":[{"id":829,"href":"https:\/\/www.albatross-consulting.com\/en\/wp-json\/wp\/v2\/pages\/780\/revisions\/829"}],"wp:attachment":[{"href":"https:\/\/www.albatross-consulting.com\/en\/wp-json\/wp\/v2\/media?parent=780"}],"curies":[{"name":"wp","href":"https:\/\/api.w.org\/{rel}","templated":true}]}}